{"id":718,"date":"2026-02-04T11:03:39","date_gmt":"2026-02-04T11:03:39","guid":{"rendered":"https:\/\/cliniquedelanation.com\/?page_id=718"},"modified":"2026-02-04T12:31:52","modified_gmt":"2026-02-04T12:31:52","slug":"gynecologie-obstetrique","status":"publish","type":"page","link":"https:\/\/cliniquedelanation.com\/?page_id=718","title":{"rendered":"Gyn\u00e9cologie \u2013 Obst\u00e9trique"},"content":{"rendered":"\t\t<div data-elementor-type=\"wp-page\" data-elementor-id=\"718\" class=\"elementor elementor-718\" data-elementor-post-type=\"page\">\n\t\t\t\t\t\t<section class=\"elementor-section elementor-top-section elementor-element elementor-element-2d5f209 elementor-section-stretched kng-particles-bg-yes elementor-section-boxed elementor-section-height-default elementor-section-height-default wpr-particle-no wpr-jarallax-no wpr-parallax-no wpr-sticky-section-no\" data-id=\"2d5f209\" data-element_type=\"section\" data-settings=\"{&quot;stretch_section&quot;:&quot;section-stretched&quot;,&quot;kng_particles_bg_switch&quot;:&quot;yes&quot;,&quot;kng_particles_bg_type&quot;:&quot;bubble&quot;,&quot;kng_particles_bg_color&quot;:&quot;#0027FF&quot;,&quot;kng_particles_bg_anim_speed_bubble&quot;:8,&quot;kng_particles_bg_number_bubble&quot;:15,&quot;kng_particles_bg_size_bubble&quot;:50,&quot;kng_particles_bg_z_index&quot;:0,&quot;kng_particles_bg_shape_type_bubble&quot;:&quot;circle&quot;,&quot;kng_particles_bg_move_direction&quot;:&quot;none&quot;}\">\n\t\t\t\t\t\t<div class=\"elementor-container elementor-column-gap-default\">\n\t\t\t\t\t<div class=\"elementor-column elementor-col-100 elementor-top-column elementor-element elementor-element-0ab0539\" data-id=\"0ab0539\" data-element_type=\"column\">\n\t\t\t<div class=\"elementor-widget-wrap elementor-element-populated\">\n\t\t\t\t\t\t<section class=\"elementor-section elementor-inner-section elementor-element elementor-element-d47d502 elementor-section-content-middle elementor-section-boxed elementor-section-height-default elementor-section-height-default wpr-particle-no wpr-jarallax-no wpr-parallax-no wpr-sticky-section-no\" data-id=\"d47d502\" data-element_type=\"section\">\n\t\t\t\t\t\t<div class=\"elementor-container elementor-column-gap-default\">\n\t\t\t\t\t<div class=\"elementor-column elementor-col-50 elementor-inner-column elementor-element elementor-element-de9b6c1 elementor-invisible\" data-id=\"de9b6c1\" data-element_type=\"column\" data-settings=\"{&quot;background_background&quot;:&quot;classic&quot;,&quot;animation&quot;:&quot;fadeInLeft&quot;}\">\n\t\t\t<div class=\"elementor-widget-wrap elementor-element-populated\">\n\t\t\t\t\t\t<div class=\"elementor-element elementor-element-83f173f eael-dual-header-content-align-left elementor-invisible elementor-widget elementor-widget-eael-dual-color-header\" data-id=\"83f173f\" data-element_type=\"widget\" data-settings=\"{&quot;_animation&quot;:&quot;fadeInUp&quot;,&quot;_animation_delay&quot;:200}\" data-widget_type=\"eael-dual-color-header.default\">\n\t\t\t\t<div class=\"elementor-widget-container\">\n\t\t\t\t\t\t\t\t<div class=\"eael-dual-header\">\n\t\t\t\t<h3 class=\"title\"><span class=\"lead solid-color\">Service de <\/span> <span>Gyn\u00e9cologie \u2013 Obst\u00e9trique<\/span><\/h3><div class=\"eael-dch-separator-wrap\"><span class=\"separator-one\"><\/span>\n\t\t\t<span class=\"separator-two\"><\/span><\/div>\t\t\t\t<span class=\"subtext\"><\/span>\n\t\t\t\t\t\t\t<\/div>\n\n\t\t\t\t\t\t<\/div>\n\t\t\t\t<\/div>\n\t\t\t\t<div class=\"elementor-element elementor-element-373f653 elementor-widget elementor-widget-text-editor\" data-id=\"373f653\" data-element_type=\"widget\" data-widget_type=\"text-editor.default\">\n\t\t\t\t<div class=\"elementor-widget-container\">\n\t\t\t\t\t\t\t\t\t<p>Le service de gyn\u00e9co-obst\u00e9trique est <strong data-start=\"1393\" data-end=\"1447\">g\u00e9r\u00e9 par deux gyn\u00e9cologues-obst\u00e9triciens qualifi\u00e9s<\/strong>, offrant une prise en charge compl\u00e8te de la sant\u00e9 de la femme.<\/p>\t\t\t\t\t\t\t\t<\/div>\n\t\t\t\t<\/div>\n\t\t\t\t<div class=\"elementor-element elementor-element-baf686c eael-dual-header-content-align-left elementor-invisible elementor-widget elementor-widget-eael-dual-color-header\" data-id=\"baf686c\" data-element_type=\"widget\" data-settings=\"{&quot;_animation&quot;:&quot;fadeInUp&quot;,&quot;_animation_delay&quot;:200}\" data-widget_type=\"eael-dual-color-header.default\">\n\t\t\t\t<div class=\"elementor-widget-container\">\n\t\t\t\t\t\t\t\t<div class=\"eael-dual-header\">\n\t\t\t\t<h3 class=\"title\"><span class=\"lead solid-color\">Prestations<\/span> <span>propos\u00e9es<\/span><\/h3><div class=\"eael-dch-separator-wrap\"><span class=\"separator-one\"><\/span>\n\t\t\t<span class=\"separator-two\"><\/span><\/div>\t\t\t\t<span class=\"subtext\"><\/span>\n\t\t\t\t\t\t\t<\/div>\n\n\t\t\t\t\t\t<\/div>\n\t\t\t\t<\/div>\n\t\t\t\t<div class=\"elementor-element elementor-element-10b65a3 elementor-icon-list--layout-traditional elementor-list-item-link-full_width elementor-widget elementor-widget-icon-list\" data-id=\"10b65a3\" data-element_type=\"widget\" data-widget_type=\"icon-list.default\">\n\t\t\t\t<div class=\"elementor-widget-container\">\n\t\t\t\t\t\t\t<ul class=\"elementor-icon-list-items\">\n\t\t\t\t\t\t\t<li class=\"elementor-icon-list-item\">\n\t\t\t\t\t\t\t\t\t\t\t<span class=\"elementor-icon-list-icon\">\n\t\t\t\t\t\t\t<i aria-hidden=\"true\" class=\"fas fa-chevron-circle-right\"><\/i>\t\t\t\t\t\t<\/span>\n\t\t\t\t\t\t\t\t\t\t<span class=\"elementor-icon-list-text\">Consultations gyn\u00e9cologiques<\/span>\n\t\t\t\t\t\t\t\t\t<\/li>\n\t\t\t\t\t\t\t\t<li class=\"elementor-icon-list-item\">\n\t\t\t\t\t\t\t\t\t\t\t<span class=\"elementor-icon-list-icon\">\n\t\t\t\t\t\t\t<i aria-hidden=\"true\" class=\"fas fa-chevron-circle-right\"><\/i>\t\t\t\t\t\t<\/span>\n\t\t\t\t\t\t\t\t\t\t<span class=\"elementor-icon-list-text\">Suivi de grossesse<\/span>\n\t\t\t\t\t\t\t\t\t<\/li>\n\t\t\t\t\t\t\t\t<li class=\"elementor-icon-list-item\">\n\t\t\t\t\t\t\t\t\t\t\t<span class=\"elementor-icon-list-icon\">\n\t\t\t\t\t\t\t<i aria-hidden=\"true\" class=\"fas fa-chevron-circle-right\"><\/i>\t\t\t\t\t\t<\/span>\n\t\t\t\t\t\t\t\t\t\t<span class=\"elementor-icon-list-text\">Prise en charge de l\u2019infertilit\u00e9<\/span>\n\t\t\t\t\t\t\t\t\t<\/li>\n\t\t\t\t\t\t\t\t<li class=\"elementor-icon-list-item\">\n\t\t\t\t\t\t\t\t\t\t\t<span class=\"elementor-icon-list-icon\">\n\t\t\t\t\t\t\t<i aria-hidden=\"true\" class=\"fas fa-chevron-circle-right\"><\/i>\t\t\t\t\t\t<\/span>\n\t\t\t\t\t\t\t\t\t\t<span class=\"elementor-icon-list-text\">Planning familial<\/span>\n\t\t\t\t\t\t\t\t\t<\/li>\n\t\t\t\t\t\t\t\t<li class=\"elementor-icon-list-item\">\n\t\t\t\t\t\t\t\t\t\t\t<span class=\"elementor-icon-list-icon\">\n\t\t\t\t\t\t\t<i aria-hidden=\"true\" class=\"fas fa-chevron-circle-right\"><\/i>\t\t\t\t\t\t<\/span>\n\t\t\t\t\t\t\t\t\t\t<span class=\"elementor-icon-list-text\">\u00c9chographie obst\u00e9tricale et pelvienne<\/span>\n\t\t\t\t\t\t\t\t\t<\/li>\n\t\t\t\t\t\t\t\t<li class=\"elementor-icon-list-item\">\n\t\t\t\t\t\t\t\t\t\t\t<span class=\"elementor-icon-list-icon\">\n\t\t\t\t\t\t\t<i aria-hidden=\"true\" class=\"fas fa-chevron-circle-right\"><\/i>\t\t\t\t\t\t<\/span>\n\t\t\t\t\t\t\t\t\t\t<span class=\"elementor-icon-list-text\">Et bien d\u2019autres services sp\u00e9cialis\u00e9s<\/span>\n\t\t\t\t\t\t\t\t\t<\/li>\n\t\t\t\t\t\t<\/ul>\n\t\t\t\t\t\t<\/div>\n\t\t\t\t<\/div>\n\t\t\t\t<div class=\"elementor-element elementor-element-e942319 elementor-widget elementor-widget-king-addons-creative-button\" data-id=\"e942319\" data-element_type=\"widget\" data-widget_type=\"king-addons-creative-button.default\">\n\t\t\t\t<div class=\"elementor-widget-container\">\n\t\t\t\t\t<div class=\"king-addons-creative-btn-wrap\"><a href=\"https:\/\/cliniquedelanation.com\/?page_id=426\" class =\"king-addons-creative-btn king-addons-creative-btn-style-london king-addons-creative-btn-effect-elevate king-addons-creative-btn-id-e942319\"><span>Prendre rendez-vous<\/span><\/a><\/div>\t\t\t\t<\/div>\n\t\t\t\t<\/div>\n\t\t\t\t\t<\/div>\n\t\t<\/div>\n\t\t\t\t<div class=\"elementor-column elementor-col-50 elementor-inner-column elementor-element elementor-element-a022bca\" data-id=\"a022bca\" data-element_type=\"column\">\n\t\t\t<div class=\"elementor-widget-wrap elementor-element-populated\">\n\t\t\t\t\t\t<div class=\"elementor-element elementor-element-2164260 elementor-invisible elementor-widget elementor-widget-image\" data-id=\"2164260\" data-element_type=\"widget\" data-settings=\"{&quot;_animation&quot;:&quot;fadeInRight&quot;}\" data-widget_type=\"image.default\">\n\t\t\t\t<div class=\"elementor-widget-container\">\n\t\t\t\t\t\t\t\t\t\t\t\t\t\t\t<img fetchpriority=\"high\" decoding=\"async\" width=\"1024\" height=\"682\" src=\"https:\/\/cliniquedelanation.com\/wp-content\/uploads\/2026\/01\/d833b576-71a3-478f-9430-cb8b1b21c3b0.png\" class=\"attachment-large size-large wp-image-558\" alt=\"\" \/>\t\t\t\t\t\t\t\t\t\t\t\t\t\t\t<\/div>\n\t\t\t\t<\/div>\n\t\t\t\t<div class=\"elementor-element elementor-element-a5d43e6 eael-dual-header-content-align-left elementor-invisible elementor-widget elementor-widget-eael-dual-color-header\" data-id=\"a5d43e6\" data-element_type=\"widget\" data-settings=\"{&quot;_animation&quot;:&quot;fadeInUp&quot;,&quot;_animation_delay&quot;:200}\" data-widget_type=\"eael-dual-color-header.default\">\n\t\t\t\t<div class=\"elementor-widget-container\">\n\t\t\t\t\t\t\t\t<div class=\"eael-dual-header\">\n\t\t\t\t<h3 class=\"title\"><span class=\"lead solid-color\">Horaires de<\/span> <span>consultation<\/span><\/h3><div class=\"eael-dch-separator-wrap\"><span class=\"separator-one\"><\/span>\n\t\t\t<span class=\"separator-two\"><\/span><\/div>\t\t\t\t<span class=\"subtext\"><\/span>\n\t\t\t\t\t\t\t<\/div>\n\n\t\t\t\t\t\t<\/div>\n\t\t\t\t<\/div>\n\t\t\t\t<div class=\"elementor-element elementor-element-e57d4a8 elementor-icon-list--layout-traditional elementor-list-item-link-full_width elementor-widget elementor-widget-icon-list\" data-id=\"e57d4a8\" data-element_type=\"widget\" data-widget_type=\"icon-list.default\">\n\t\t\t\t<div class=\"elementor-widget-container\">\n\t\t\t\t\t\t\t<ul class=\"elementor-icon-list-items\">\n\t\t\t\t\t\t\t<li class=\"elementor-icon-list-item\">\n\t\t\t\t\t\t\t\t\t\t\t<span class=\"elementor-icon-list-icon\">\n\t\t\t\t\t\t\t<i aria-hidden=\"true\" class=\"fas fa-check-circle\"><\/i>\t\t\t\t\t\t<\/span>\n\t\t\t\t\t\t\t\t\t\t<span class=\"elementor-icon-list-text\">Lundi : 12h \u2013 15h<\/span>\n\t\t\t\t\t\t\t\t\t<\/li>\n\t\t\t\t\t\t\t\t<li class=\"elementor-icon-list-item\">\n\t\t\t\t\t\t\t\t\t\t\t<span class=\"elementor-icon-list-icon\">\n\t\t\t\t\t\t\t<i aria-hidden=\"true\" class=\"fas fa-check-circle\"><\/i>\t\t\t\t\t\t<\/span>\n\t\t\t\t\t\t\t\t\t\t<span class=\"elementor-icon-list-text\">Mardi : 9h \u2013 12h<\/span>\n\t\t\t\t\t\t\t\t\t<\/li>\n\t\t\t\t\t\t\t\t<li class=\"elementor-icon-list-item\">\n\t\t\t\t\t\t\t\t\t\t\t<span class=\"elementor-icon-list-icon\">\n\t\t\t\t\t\t\t<i aria-hidden=\"true\" class=\"fas fa-check-circle\"><\/i>\t\t\t\t\t\t<\/span>\n\t\t\t\t\t\t\t\t\t\t<span class=\"elementor-icon-list-text\">Jeudi : 13h \u2013 15h<\/span>\n\t\t\t\t\t\t\t\t\t<\/li>\n\t\t\t\t\t\t\t\t<li class=\"elementor-icon-list-item\">\n\t\t\t\t\t\t\t\t\t\t\t<span class=\"elementor-icon-list-icon\">\n\t\t\t\t\t\t\t<i aria-hidden=\"true\" class=\"fas fa-check-circle\"><\/i>\t\t\t\t\t\t<\/span>\n\t\t\t\t\t\t\t\t\t\t<span class=\"elementor-icon-list-text\">Samedi : d\u00e8s 13h<\/span>\n\t\t\t\t\t\t\t\t\t<\/li>\n\t\t\t\t\t\t<\/ul>\n\t\t\t\t\t\t<\/div>\n\t\t\t\t<\/div>\n\t\t\t\t\t<\/div>\n\t\t<\/div>\n\t\t\t\t\t<\/div>\n\t\t<\/section>\n\t\t\t\t<div class=\"elementor-element elementor-element-ecf2ad2 elementor-widget__width-auto elementor-absolute elementor-hidden-tablet elementor-hidden-phone elementor-widget elementor-widget-image\" data-id=\"ecf2ad2\" data-element_type=\"widget\" data-settings=\"{&quot;_position&quot;:&quot;absolute&quot;}\" data-widget_type=\"image.default\">\n\t\t\t\t<div class=\"elementor-widget-container\">\n\t\t\t\t\t\t\t\t\t\t\t\t\t\t\t<img decoding=\"async\" width=\"1058\" height=\"1058\" src=\"https:\/\/cliniquedelanation.com\/wp-content\/uploads\/2026\/02\/Group-6.png\" class=\"attachment-full size-full wp-image-738\" alt=\"\" srcset=\"https:\/\/cliniquedelanation.com\/wp-content\/uploads\/2026\/02\/Group-6.png 1058w, https:\/\/cliniquedelanation.com\/wp-content\/uploads\/2026\/02\/Group-6-300x300.png 300w, https:\/\/cliniquedelanation.com\/wp-content\/uploads\/2026\/02\/Group-6-1024x1024.png 1024w, https:\/\/cliniquedelanation.com\/wp-content\/uploads\/2026\/02\/Group-6-150x150.png 150w, https:\/\/cliniquedelanation.com\/wp-content\/uploads\/2026\/02\/Group-6-768x768.png 768w\" sizes=\"(max-width: 1058px) 100vw, 1058px\" \/>\t\t\t\t\t\t\t\t\t\t\t\t\t\t\t<\/div>\n\t\t\t\t<\/div>\n\t\t\t\t\t<\/div>\n\t\t<\/div>\n\t\t\t\t\t<\/div>\n\t\t<\/section>\n\t\t<script>\ndocument.querySelector('.elementor-element-2d5f209').insertAdjacentHTML('afterbegin', '<div id=\"king-addons-particles-container-2d5f209\" style=\"position: absolute; top: 0; left: 0; width: 100%; height: 100%; z-index: 0;\"><\/div>');document.addEventListener(\"DOMContentLoaded\", function() {particlesJS('king-addons-particles-container-2d5f209',{\n        \"particles\": {\n          \"number\": {\n            \"value\": 15,\n            \"density\": {\n              \"enable\": true,\n              \"value_area\": 800\n            }\n          },\n          \"color\": {\n            \"value\": \"#0027FF\"\n          },\n          \"shape\": {\n            \"type\": \"circle\",\n            \"stroke\": {\n              \"width\": 0,\n              \"color\": \"#000\"\n            },\n            \"polygon\": {\n              \"nb_sides\": 6\n            }\n          },\n          \"opacity\": {\n            \"value\": 0.3,\n            \"random\": true,\n            \"anim\": {\n              \"enable\": false,\n              \"speed\": 1,\n              \"opacity_min\": 0.1,\n              \"sync\": false\n            }\n          },\n          \"size\": {\n            \"value\": 50,\n            \"random\": false,\n            \"anim\": {\n              \"enable\": true,\n              \"speed\": 10,\n              \"size_min\": 40,\n              \"sync\": false\n            }\n          },\n          \"line_linked\": {\n            \"enable\": false,\n            \"distance\": 200,\n            \"color\": \"#ffffff\",\n            \"opacity\": 1,\n            \"width\": 2\n          },\n          \"move\": {\n            \"enable\": true,\n            \"speed\": 8,\n            \"direction\": \"none\",\n            \"random\": false,\n            \"straight\": false,\n            \"out_mode\": \"out\",\n            \"bounce\": false,\n            \"attract\": {\n              \"enable\": false,\n              \"rotateX\": 600,\n              \"rotateY\": 1200\n            }\n          }\n        },\n        \"interactivity\": {\n          \"detect_on\": \"canvas\",\n          \"events\": {\n            \"onhover\": {\n              \"enable\": false,\n              \"mode\": \"grab\"\n            },\n            \"onclick\": {\n              \"enable\": false,\n              \"mode\": \"push\"\n            },\n            \"resize\": true\n          },\n          \"modes\": {\n            \"grab\": {\n              \"distance\": 400,\n              \"line_linked\": {\n                \"opacity\": 1\n              }\n            },\n            \"bubble\": {\n              \"distance\": 400,\n              \"size\": 40,\n              \"duration\": 2,\n              \"opacity\": 8,\n              \"speed\": 3\n            },\n            \"repulse\": {\n              \"distance\": 200,\n              \"duration\": 0.4\n            },\n            \"push\": {\n              \"particles_nb\": 4\n            },\n            \"remove\": {\n              \"particles_nb\": 2\n            }\n          }\n        },\n        \"retina_detect\": true\n    });});\n<\/script>\n\t\t<\/div>\n\t\t","protected":false},"excerpt":{"rendered":"<p>Service de Gyn\u00e9cologie \u2013 Obst\u00e9trique Le service de gyn\u00e9co-obst\u00e9trique est g\u00e9r\u00e9 par deux gyn\u00e9cologues-obst\u00e9triciens qualifi\u00e9s, offrant une prise en charge compl\u00e8te de la sant\u00e9 de la femme. Prestations propos\u00e9es Consultations gyn\u00e9cologiques Suivi de grossesse Prise en charge de l\u2019infertilit\u00e9 Planning familial \u00c9chographie obst\u00e9tricale et pelvienne Et bien d\u2019autres services sp\u00e9cialis\u00e9s Prendre rendez-vous Horaires de consultation Lundi : 12h \u2013 15h Mardi : 9h \u2013 12h Jeudi : 13h \u2013 15h Samedi : d\u00e8s 13h<\/p>\n","protected":false},"author":1,"featured_media":0,"parent":0,"menu_order":0,"comment_status":"closed","ping_status":"closed","template":"","meta":{"_eb_attr":"","site-sidebar-layout":"no-sidebar","site-content-layout":"","ast-site-content-layout":"full-width-container","site-content-style":"default","site-sidebar-style":"default","ast-global-header-display":"","ast-banner-title-visibility":"","ast-main-header-display":"","ast-hfb-above-header-display":"","ast-hfb-below-header-display":"","ast-hfb-mobile-header-display":"","site-post-title":"disabled","ast-breadcrumbs-content":"","ast-featured-img":"disabled","footer-sml-layout":"","theme-transparent-header-meta":"","adv-header-id-meta":"","stick-header-meta":"","header-above-stick-meta":"","header-main-stick-meta":"","header-below-stick-meta":"","astra-migrate-meta-layouts":"default","ast-page-background-enabled":"default","ast-page-background-meta":{"desktop":{"background-color":"var(--ast-global-color-4)","background-image":"","background-repeat":"repeat","background-position":"center center","background-size":"auto","background-attachment":"scroll","background-type":"","background-media":"","overlay-type":"","overlay-color":"","overlay-opacity":"","overlay-gradient":""},"tablet":{"background-color":"","background-image":"","background-repeat":"repeat","background-position":"center center","background-size":"auto","background-attachment":"scroll","background-type":"","background-media":"","overlay-type":"","overlay-color":"","overlay-opacity":"","overlay-gradient":""},"mobile":{"background-color":"","background-image":"","background-repeat":"repeat","background-position":"center center","background-size":"auto","background-attachment":"scroll","background-type":"","background-media":"","overlay-type":"","overlay-color":"","overlay-opacity":"","overlay-gradient":""}},"ast-content-background-meta":{"desktop":{"background-color":"var(--ast-global-color-5)","background-image":"","background-repeat":"repeat","background-position":"center center","background-size":"auto","background-attachment":"scroll","background-type":"","background-media":"","overlay-type":"","overlay-color":"","overlay-opacity":"","overlay-gradient":""},"tablet":{"background-color":"var(--ast-global-color-5)","background-image":"","background-repeat":"repeat","background-position":"center center","background-size":"auto","background-attachment":"scroll","background-type":"","background-media":"","overlay-type":"","overlay-color":"","overlay-opacity":"","overlay-gradient":""},"mobile":{"background-color":"var(--ast-global-color-5)","background-image":"","background-repeat":"repeat","background-position":"center center","background-size":"auto","background-attachment":"scroll","background-type":"","background-media":"","overlay-type":"","overlay-color":"","overlay-opacity":"","overlay-gradient":""}},"footnotes":""},"class_list":["post-718","page","type-page","status-publish","hentry"],"_links":{"self":[{"href":"https:\/\/cliniquedelanation.com\/index.php?rest_route=\/wp\/v2\/pages\/718","targetHints":{"allow":["GET"]}}],"collection":[{"href":"https:\/\/cliniquedelanation.com\/index.php?rest_route=\/wp\/v2\/pages"}],"about":[{"href":"https:\/\/cliniquedelanation.com\/index.php?rest_route=\/wp\/v2\/types\/page"}],"author":[{"embeddable":true,"href":"https:\/\/cliniquedelanation.com\/index.php?rest_route=\/wp\/v2\/users\/1"}],"replies":[{"embeddable":true,"href":"https:\/\/cliniquedelanation.com\/index.php?rest_route=%2Fwp%2Fv2%2Fcomments&post=718"}],"version-history":[{"count":19,"href":"https:\/\/cliniquedelanation.com\/index.php?rest_route=\/wp\/v2\/pages\/718\/revisions"}],"predecessor-version":[{"id":765,"href":"https:\/\/cliniquedelanation.com\/index.php?rest_route=\/wp\/v2\/pages\/718\/revisions\/765"}],"wp:attachment":[{"href":"https:\/\/cliniquedelanation.com\/index.php?rest_route=%2Fwp%2Fv2%2Fmedia&parent=718"}],"curies":[{"name":"wp","href":"https:\/\/api.w.org\/{rel}","templated":true}]}}